{"id":559,"date":"2022-11-24T20:41:03","date_gmt":"2022-11-24T19:41:03","guid":{"rendered":"https:\/\/www.manuelagottardo.com\/credits\/"},"modified":"2023-01-19T10:28:08","modified_gmt":"2023-01-19T09:28:08","slug":"credits","status":"publish","type":"page","link":"https:\/\/www.manuelagottardo.com\/it\/credits\/","title":{"rendered":"Credits"},"content":{"rendered":"<p>[et_pb_section fb_built=&#8221;1&#8243; admin_label=&#8221;Header&#8221; _builder_version=&#8221;4.19.1&#8243; use_background_color_gradient=&#8221;on&#8221; background_color_gradient_stops=&#8221;rgba(0,0,0,0.3) 0%|rgba(0,0,0,0.3) 100%&#8221; background_color_gradient_overlays_image=&#8221;on&#8221; background_color_gradient_start=&#8221;rgba(0,0,0,0.3)&#8221; background_color_gradient_end=&#8221;rgba(0,0,0,0.3)&#8221; background_image=&#8221;https:\/\/www.manuelagottardo.com\/wp-content\/uploads\/2022\/11\/rezension_hintergrundbild2.png&#8221; parallax=&#8221;on&#8221; custom_padding=&#8221;||16vw||false|false&#8221; global_colors_info=&#8221;{}&#8221;][et_pb_row _builder_version=&#8221;4.16&#8243; global_colors_info=&#8221;{}&#8221;][et_pb_column type=&#8221;4_4&#8243; _builder_version=&#8221;4.16&#8243; global_colors_info=&#8221;{}&#8221;][et_pb_text _builder_version=&#8221;4.19.4&#8243; text_font=&#8221;Muli||||||||&#8221; text_font_size=&#8221;22px&#8221; text_line_height=&#8221;1.4em&#8221; header_font=&#8221;Brown Sugar Webfont||||||||&#8221; header_font_size=&#8221;55px&#8221; text_orientation=&#8221;center&#8221; background_layout=&#8221;dark&#8221; max_width=&#8221;700px&#8221; module_alignment=&#8221;center&#8221; hover_enabled=&#8221;0&#8243; text_font_size_tablet=&#8221;18px&#8221; text_font_size_phone=&#8221;16px&#8221; text_font_size_last_edited=&#8221;on|tablet&#8221; text_line_height_tablet=&#8221;&#8221; text_line_height_phone=&#8221;1.8em&#8221; text_line_height_last_edited=&#8221;on|phone&#8221; header_font_size_tablet=&#8221;48px&#8221; header_font_size_phone=&#8221;30px&#8221; header_font_size_last_edited=&#8221;on|phone&#8221; global_colors_info=&#8221;{}&#8221; sticky_enabled=&#8221;0&#8243;]<\/p>\n<h1>Credits<\/h1>\n<p>[\/et_pb_text][\/et_pb_column][\/et_pb_row][\/et_pb_section][et_pb_section fb_built=&#8221;1&#8243; admin_label=&#8221;About&#8221; _builder_version=&#8221;4.16&#8243; background_color=&#8221;#ffffff&#8221; width=&#8221;90%&#8221; custom_margin=&#8221;-12vw||||false|false&#8221; custom_padding=&#8221;|||10vw|false|false&#8221; global_colors_info=&#8221;{}&#8221;][et_pb_row _builder_version=&#8221;4.19.4&#8243; width=&#8221;100%&#8221; hover_enabled=&#8221;0&#8243; locked=&#8221;off&#8221; global_colors_info=&#8221;{}&#8221; sticky_enabled=&#8221;0&#8243;][et_pb_column type=&#8221;4_4&#8243; _builder_version=&#8221;4.19.4&#8243; custom_padding=&#8221;||||false|false&#8221; custom_padding_last_edited=&#8221;off|tablet&#8221; hover_enabled=&#8221;0&#8243; global_colors_info=&#8221;{}&#8221; sticky_enabled=&#8221;0&#8243;][et_pb_text _builder_version=&#8221;4.19.4&#8243; text_font=&#8221;||||||||&#8221; header_2_font=&#8221;Josefin Sans|600|||||||&#8221; header_2_font_size=&#8221;60px&#8221; header_2_line_height=&#8221;1.2em&#8221; custom_margin_tablet=&#8221;||||false|false&#8221; custom_margin_last_edited=&#8221;off|tablet&#8221; custom_padding_tablet=&#8221;||||false|false&#8221; custom_padding_last_edited=&#8221;off|tablet&#8221; hover_enabled=&#8221;0&#8243; header_2_font_size_tablet=&#8221;42px&#8221; header_2_font_size_phone=&#8221;24px&#8221; header_2_font_size_last_edited=&#8221;on|phone&#8221; header_2_line_height_tablet=&#8221;&#8221; header_2_line_height_phone=&#8221;1.4em&#8221; header_2_line_height_last_edited=&#8221;on|phone&#8221; locked=&#8221;off&#8221; global_colors_info=&#8221;{}&#8221; sticky_enabled=&#8221;0&#8243;]<\/p>\n<p><strong>Committente e responsabile per i contenuti:<\/strong><\/p>\n<p>Manuela Gottardo<\/p>\n<p>Vicolo Kleinkaneider 3<br \/>39040 Luson<\/p>\n<p>Provincia di Bolzano<br \/>Alto Adige \u2013 Italia<\/p>\n<p>H.: +39 349 894 2452<br \/>Cod. Fisc. GTTMNL76L45A952K<\/p>\n<p>Email: <a href=\"mailto:info@manuelagottardo.com\">info@manuelagottardo.com<\/a><br \/>Pec-Mail: <a href=\"mailto:manuela.gottardo@pec.rolmail.net\">manuela.gottardo@pec.rolmail.net<\/a><br \/>Sito web: www.manuelagottardo.com<\/p>\n<p><strong>Concezione, design e programmazione:<\/strong><br \/><a href=\"http:\/\/www.unikum-design.com\">Unikum Design<\/a><\/p>\n<p><strong>Contenuto<\/strong><br \/>I contenuti e le informazioni presenti su questo sito Web sono stati da noi accuratamente controllati. Ci\u00f2 nonostante non ci assumiamo alcuna responsabilit\u00e0 n\u00e9 forniamo garanzie circa la loro esattezza e completezza. Ci riserviamo il diritto di aggiornare, modificare o integrare senza preavviso le informazioni messe a disposizione.<\/p>\n<p><strong>Rimandi e link<\/strong><br \/>Non ci assumiamo alcuna responsabilit\u00e0 per i contenuti dei link esterni. La responsabilit\u00e0 per il contenuto delle pagine visitabili tramite i link \u00e8 esclusivamente dei gestori delle pagine.<br \/><strong><\/p>\n<p>Copyright (diritto d\u2019autore e dei segni distintivi)<\/strong><br \/>Il contenuto di questo sito Web \u00e8 protetto da copyright e non pu\u00f2 essere riprodotto o utilizzato in altre pubblicazioni stampate o elettroniche senza la nostra espressa autorizzazione.<\/p>\n<p><strong>SSL- codifica<\/strong><br \/>Questo sito utilizza la crittografia SSL per motivi di sicurezza e per la protezione della trasmissione di contenuti riservati, come le richieste inviate a noi come operatore del sito. Una connessione crittografata indica che la linea di indirizzo del browser cambia da \u201chttp\u201d a \u201chttps\u201d e dall\u2019icona di blocco nella linea del browser.<br \/>Se la crittografia SSL \u00e8 attivata, i dati che ci trasferiscono non possono essere letti da terzi.<\/p>\n<p><strong>Validit\u00e0 giuridica<\/strong><br \/>Qualora parti o singole formulazioni del presente testo non corrispondano, non corrispondano pi\u00f9 o non corrispondano integralmente alla vigente situazione giuridica, restano comunque immutati il contenuto e la validit\u00e0 delle altre parti del documento. Dall\u2019uso del sito Web non deriva alcun diritto n\u00e9 alcun contratto. Le controversie giuridiche sono risolte presso il Tribunale per noi competente.<\/p>\n<p><strong>Google reCAPTCHA<\/strong><br \/>Questa pagina web utilizza Google Analytics, un servizio di analisi del web di Google Ireland Limited (\u201cGoogle\u201d), Gordon House, Barrow Street, Dublino 4, Irlanda, in base al principio del legittimo interesse prevalente (analisi dell\u2019uso della pagina web). Con reCAPTCHA si pu\u00f2 distinguere se l\u2019inserimento dei dati nei moduli disponibili sul sito web \u00e8 effettuato da una persona fisica o abusivamente da un programma automatizzato. Per fare questo, reCAPTCHA analizza il comportamento dell\u2019utente del sito web non appena lui o lei si collega al sito web. Per l\u2019analisi, che viene eseguita completamente in background, reCAPTCHA valuta varie informazioni come l\u2019indirizzo IP, il tempo trascorso sulla pagina o i movimenti del mouse. In tal modo, l\u2019indirizzo IP e tutti gli altri dati necessari a Google per reCAPTCHA verranno trasmessi a Google. Google \u00e8 certificata dallo US Privacy Shield, che mira a garantire il rispetto del livello di protezione dei dati nell\u2019UE. Per ulteriori informazioni su Google reCAPTCHA visitare il sito https:\/\/www.google.com\/recaptcha\/intro\/v3.html \u2013 Politica sulla privacy di Google all\u2019indirizzo https:\/\/www.google.com\/intl\/de\/policies\/privacy.<\/p>\n<p><strong>Google Maps<\/strong><br \/>Integriamo le mappe del servizio \u201cGoogle Maps\u201d del fornitore Google LLC, 1600 Amphitheatre Parkway, Mountain View, CA 94043, USA. Tra i dati trattati possono rientrare in particolare gli indirizzi IP e i dati di posizione degli utenti, questi tuttavia non vengono acquisiti senza il loro consenso (di norma nell\u2019ambito delle impostazioni dei loro apparecchi mobili). I dati possono essere trattati negli USA.<\/p>\n<p><strong>Informativa sulla privacy:<\/strong> https:\/\/www.google.com\/policies\/privacy\/, Opt-Out: https:\/\/adssettings.google.com\/authenticated<\/p>\n<p><strong>Google Fonts<\/strong><br \/>Integriamo i font (\u201cGoogle Fonts\u201d) del provider Google LLC, 1600 Amphitheatre Parkway, Mountain View, CA 94043, USA. Informativa sulla privacy: https:\/\/www.google.com\/policies\/privacy\/, Opt-Out: https:\/\/adssettings.google.com\/authenticated<\/p>\n<p><strong>Video, musica &amp; immagini<\/strong><br \/>\u00a9 Pexels.com, Unsplash.com<\/p>\n<p>[\/et_pb_text][\/et_pb_column][\/et_pb_row][\/et_pb_section][et_pb_section fb_built=&#8221;1&#8243; theme_builder_area=&#8221;post_content&#8221; _builder_version=&#8221;4.19.4&#8243; _module_preset=&#8221;default&#8221;][et_pb_row _builder_version=&#8221;4.19.4&#8243; _module_preset=&#8221;default&#8221; theme_builder_area=&#8221;post_content&#8221;][et_pb_column _builder_version=&#8221;4.19.4&#8243; _module_preset=&#8221;default&#8221; type=&#8221;4_4&#8243; theme_builder_area=&#8221;post_content&#8221;][et_pb_button button_url=&#8221;https:\/\/www.manuelagottardo.com\/it\/&#8221; button_text=&#8221;Torna alla pagina iniziale&#8221; button_alignment=&#8221;center&#8221; _builder_version=&#8221;4.19.4&#8243; background_layout=&#8221;dark&#8221; custom_padding=&#8221;15px|40px|15px|40px|true|true&#8221; hover_enabled=&#8221;0&#8243; button_text_size_tablet=&#8221;18px&#8221; button_text_size_phone=&#8221;14px&#8221; button_text_size_last_edited=&#8221;on|phone&#8221; locked=&#8221;off&#8221; global_colors_info=&#8221;{}&#8221; theme_builder_area=&#8221;post_content&#8221; sticky_enabled=&#8221;0&#8243;][\/et_pb_button][\/et_pb_column][\/et_pb_row][\/et_pb_section]<\/p>\n","protected":false},"excerpt":{"rendered":"<p>CreditsCommittente e responsabile per i contenuti: Manuela Gottardo Vicolo Kleinkaneider 339040 Luson Provincia di BolzanoAlto Adige \u2013 Italia H.: +39 349 894 2452Cod. Fisc. GTTMNL76L45A952K Email: info@manuelagottardo.comPec-Mail: manuela.gottardo@pec.rolmail.netSito web: www.manuelagottardo.comConcezione, design e programmazione:Unikum DesignContenutoI contenuti e le informazioni presenti su questo sito Web sono stati da noi accuratamente controllati. Ci\u00f2 nonostante non ci assumiamo alcuna [&hellip;]<\/p>\n","protected":false},"author":1,"featured_media":0,"parent":0,"menu_order":0,"comment_status":"closed","ping_status":"closed","template":"","meta":{"_et_pb_use_builder":"on","_et_pb_old_content":"","_et_gb_content_width":"","footnotes":""},"class_list":["post-559","page","type-page","status-publish","hentry"],"_links":{"self":[{"href":"https:\/\/www.manuelagottardo.com\/it\/wp-json\/wp\/v2\/pages\/559","targetHints":{"allow":["GET"]}}],"collection":[{"href":"https:\/\/www.manuelagottardo.com\/it\/wp-json\/wp\/v2\/pages"}],"about":[{"href":"https:\/\/www.manuelagottardo.com\/it\/wp-json\/wp\/v2\/types\/page"}],"author":[{"embeddable":true,"href":"https:\/\/www.manuelagottardo.com\/it\/wp-json\/wp\/v2\/users\/1"}],"replies":[{"embeddable":true,"href":"https:\/\/www.manuelagottardo.com\/it\/wp-json\/wp\/v2\/comments?post=559"}],"version-history":[{"count":11,"href":"https:\/\/www.manuelagottardo.com\/it\/wp-json\/wp\/v2\/pages\/559\/revisions"}],"predecessor-version":[{"id":570,"href":"https:\/\/www.manuelagottardo.com\/it\/wp-json\/wp\/v2\/pages\/559\/revisions\/570"}],"wp:attachment":[{"href":"https:\/\/www.manuelagottardo.com\/it\/wp-json\/wp\/v2\/media?parent=559"}],"curies":[{"name":"wp","href":"https:\/\/api.w.org\/{rel}","templated":true}]}}